{"id":3571,"date":"2023-11-15T14:55:12","date_gmt":"2023-11-15T13:55:12","guid":{"rendered":"https:\/\/chemin-exploitation-et-randonnee-montbazin.com\/?page_id=3571"},"modified":"2023-12-08T23:12:38","modified_gmt":"2023-12-08T22:12:38","slug":"tous-ensemble","status":"publish","type":"page","link":"https:\/\/chemin-exploitation-et-randonnee-montbazin.com\/index.php\/tous-ensemble\/","title":{"rendered":"Tous ensemble ? ! Tous Montbaquinoie ?"},"content":{"rendered":"\n<figure class=\"wp-block-image alignwide size-large\"><img loading=\"lazy\" width=\"1024\" height=\"317\" src=\"https:\/\/chemin-exploitation-et-randonnee-montbazin.com\/wp-content\/uploads\/2023\/11\/Pour-Lamour-de-dieu-ne-jouez-pas-avec-les-eaux-2-1024x317.png\" alt=\"\" class=\"wp-image-3627\" srcset=\"https:\/\/chemin-exploitation-et-randonnee-montbazin.com\/wp-content\/uploads\/2023\/11\/Pour-Lamour-de-dieu-ne-jouez-pas-avec-les-eaux-2-1024x317.png 1024w, https:\/\/chemin-exploitation-et-randonnee-montbazin.com\/wp-content\/uploads\/2023\/11\/Pour-Lamour-de-dieu-ne-jouez-pas-avec-les-eaux-2-300x93.png 300w, https:\/\/chemin-exploitation-et-randonnee-montbazin.com\/wp-content\/uploads\/2023\/11\/Pour-Lamour-de-dieu-ne-jouez-pas-avec-les-eaux-2-768x238.png 768w, https:\/\/chemin-exploitation-et-randonnee-montbazin.com\/wp-content\/uploads\/2023\/11\/Pour-Lamour-de-dieu-ne-jouez-pas-avec-les-eaux-2-1536x476.png 1536w, https:\/\/chemin-exploitation-et-randonnee-montbazin.com\/wp-content\/uploads\/2023\/11\/Pour-Lamour-de-dieu-ne-jouez-pas-avec-les-eaux-2.png 1912w\" sizes=\"(max-width: 1024px) 100vw, 1024px\" \/><\/figure>\n\n\n\n<h1 class=\"has-text-align-center\">vite s&rsquo;il vous pla\u00eet &#8230; et dans le droit chemin pluvial et d&rsquo;exploitation f\u00fbt-il des Piochs ?<\/h1>\n\n\n\n<div class=\"wp-block-kadence-icon kt-svg-icons kt-svg-icons_52cf91-0d alignnone\" style=\"text-align:center\"><div class=\"kt-svg-style-default kt-svg-icon-wrap kt-svg-item-0\"><div style=\"display:inline-flex;justify-content:center;align-items:center;color:#e05b14\" class=\"kt-svg-icon kt-svg-icon-ic_flash\"><svg style=\"display:inline-block;vertical-align:middle\" viewbox=\"0 0 8 8\" height=\"50\" width=\"50\" fill=\"currentColor\" xmlns=\"http:\/\/www.w3.org\/2000\/svg\" aria-hidden=\"true\"><path d=\"M1.5 0l-1.5 3h2l-.66 2h-1.34l1 3 3-3h-1.5l1.5-3h-2l1-2h-1.5z\" transform=\"translate(2)\"><\/path><\/svg><\/div><\/div><\/div>\n\n\n\n<h1 class=\"has-text-align-center\">Peut-on jouer avec des lois universelles ?<\/h1>\n\n\n\n<div class=\"wp-block-kadence-icon kt-svg-icons kt-svg-icons_2b60f4-6f alignnone\" style=\"text-align:center\"><div class=\"kt-svg-style-default kt-svg-icon-wrap kt-svg-item-0\"><div style=\"display:inline-flex;justify-content:center;align-items:center;color:#e05b14\" class=\"kt-svg-icon kt-svg-icon-ic_flash\"><svg style=\"display:inline-block;vertical-align:middle\" viewbox=\"0 0 8 8\" height=\"50\" width=\"50\" fill=\"currentColor\" xmlns=\"http:\/\/www.w3.org\/2000\/svg\" aria-hidden=\"true\"><path d=\"M1.5 0l-1.5 3h2l-.66 2h-1.34l1 3 3-3h-1.5l1.5-3h-2l1-2h-1.5z\" transform=\"translate(2)\"><\/path><\/svg><\/div><\/div><\/div>\n\n\n\n<h1 class=\"has-text-align-center\">Sommes-nous au bout du chemin via les diff\u00e9rentes lois universelles ? &#8230; des hommes ?<\/h1>\n\n\n\n<div class=\"wp-block-kadence-icon kt-svg-icons kt-svg-icons_b7f2db-cf alignnone\" style=\"text-align:center\"><div class=\"kt-svg-style-default kt-svg-icon-wrap kt-svg-item-0\"><div style=\"display:inline-flex;justify-content:center;align-items:center;color:#e05b14\" class=\"kt-svg-icon kt-svg-icon-ic_flash\"><svg style=\"display:inline-block;vertical-align:middle\" viewbox=\"0 0 8 8\" height=\"50\" width=\"50\" fill=\"currentColor\" xmlns=\"http:\/\/www.w3.org\/2000\/svg\" aria-hidden=\"true\"><path d=\"M1.5 0l-1.5 3h2l-.66 2h-1.34l1 3 3-3h-1.5l1.5-3h-2l1-2h-1.5z\" transform=\"translate(2)\"><\/path><\/svg><\/div><\/div><\/div>\n\n\n\n<h1 class=\"has-text-align-center\">Technique des tiers, erreurs, entre-soi et emm\u00eale temps &#8230; ? <\/h1>\n\n\n\n<div class=\"wp-block-kadence-icon kt-svg-icons kt-svg-icons_e9e903-dd alignnone\" style=\"text-align:center\"><div class=\"kt-svg-style-default kt-svg-icon-wrap kt-svg-item-0\"><div style=\"display:inline-flex;justify-content:center;align-items:center;color:#e05b14\" class=\"kt-svg-icon kt-svg-icon-ic_flash\"><svg style=\"display:inline-block;vertical-align:middle\" viewbox=\"0 0 8 8\" height=\"50\" width=\"50\" fill=\"currentColor\" xmlns=\"http:\/\/www.w3.org\/2000\/svg\" aria-hidden=\"true\"><path d=\"M1.5 0l-1.5 3h2l-.66 2h-1.34l1 3 3-3h-1.5l1.5-3h-2l1-2h-1.5z\" transform=\"translate(2)\"><\/path><\/svg><\/div><\/div><\/div>\n\n\n\n<h1 class=\"has-text-align-center\">ORA M&#8230;&#8230;. !  Fabrique du consentement ? ORA PRONOBIS Alors ?<\/h1>\n\n\n\n<div class=\"wp-block-kadence-icon kt-svg-icons kt-svg-icons_7adf5b-5d alignnone\" style=\"text-align:center\"><div class=\"kt-svg-style-default kt-svg-icon-wrap kt-svg-item-0\"><div style=\"display:inline-flex;justify-content:center;align-items:center;color:#e05b14\" class=\"kt-svg-icon kt-svg-icon-ic_flash\"><svg style=\"display:inline-block;vertical-align:middle\" viewbox=\"0 0 8 8\" height=\"50\" width=\"50\" fill=\"currentColor\" xmlns=\"http:\/\/www.w3.org\/2000\/svg\" aria-hidden=\"true\"><path d=\"M1.5 0l-1.5 3h2l-.66 2h-1.34l1 3 3-3h-1.5l1.5-3h-2l1-2h-1.5z\" transform=\"translate(2)\"><\/path><\/svg><\/div><\/div><\/div>\n\n\n\n<h1 class=\"has-text-align-center\"><strong>Est-ce une des cl\u00e9s des conflits actuels ? Seulement \u00e0 Montbazin ?<\/strong><\/h1>\n\n\n\n<div class=\"wp-block-kadence-icon kt-svg-icons kt-svg-icons_b81846-e5 alignnone\" style=\"text-align:center\"><div class=\"kt-svg-style-default kt-svg-icon-wrap kt-svg-item-0\"><div style=\"display:inline-flex;justify-content:center;align-items:center;color:#e05b14\" class=\"kt-svg-icon kt-svg-icon-ic_flash\"><svg style=\"display:inline-block;vertical-align:middle\" viewbox=\"0 0 8 8\" height=\"50\" width=\"50\" fill=\"currentColor\" xmlns=\"http:\/\/www.w3.org\/2000\/svg\" aria-hidden=\"true\"><path d=\"M1.5 0l-1.5 3h2l-.66 2h-1.34l1 3 3-3h-1.5l1.5-3h-2l1-2h-1.5z\" transform=\"translate(2)\"><\/path><\/svg><\/div><\/div><\/div>\n\n\n\n<h1 class=\"has-text-align-center\">Tremblez, carcasses ! <mark class=\"kt-highlight\">Si nous ne corrigeons pas le tir<\/mark> ! <\/h1>\n\n\n\n<h1 class=\"has-text-align-center\">Il nous faut \u00e9viter la fuite en avant, la technologie r\u00e9v\u00e9le tout et les eaux aussi ?<\/h1>\n\n\n\n<div class=\"wp-block-kadence-spacer aligncenter kt-block-spacer-_d64515-8d\"><div class=\"kt-block-spacer kt-block-spacer-halign-center\" style=\"height:60px\"><hr class=\"kt-divider\" style=\"border-top-color:#eee;border-top-width:1px;width:80%;border-top-style:solid\"\/><\/div><\/div>\n\n\n\n<h1 class=\"has-text-align-center\"><span class=\"ILfuVd\" lang=\"fr\"><span class=\"hgKElc\">\u00ab Dieu se rit des hommes qui d\u00e9plorent les effets dont ils ch\u00e9rissent les causes. \u00bb<\/span><\/span><\/h1>\n\n\n\n<h1 class=\"has-text-align-center\"><mark class=\"kt-highlight\">et <\/mark><mark class=\"kt-highlight\">ses eaux auront la bonne chronologie et vous montreront le droit et le bon chemin.<\/mark>  <\/h1>\n\n\n\n<div class=\"wp-block-kadence-spacer aligncenter kt-block-spacer-_efc11f-f2\"><div class=\"kt-block-spacer kt-block-spacer-halign-center\" style=\"height:60px\"><hr class=\"kt-divider\" style=\"border-top-color:#eee;border-top-width:1px;width:80%;border-top-style:solid\"\/><\/div><\/div>\n\n\n\n<h1 class=\"has-text-align-center\">Ci-dessous la commune de Montbazin, THE village,  avec ce bel appendice en forme de anse d&rsquo;arrosoire. Bient\u00f4t tous mouill\u00e9s alors ? un truc bien syst\u00e9mique ?<\/h1>\n\n\n\n<h1 class=\"has-text-align-center\">Que dieu nous garde manquerait-il un autre village ?<\/h1>\n\n\n\n<figure class=\"wp-block-image alignfull size-large\"><a href=\"http:\/\/piece-jointe-carto.developpement-durable.gouv.fr\/DEPT034A\/ZonagePPRI\/MONTBAZIN\/Zonage_10000_MONTBAZIN.pdf\"><img loading=\"lazy\" width=\"1024\" height=\"724\" src=\"https:\/\/chemin-exploitation-et-randonnee-montbazin.com\/wp-content\/uploads\/2023\/11\/Montbazin-un-village-bien-singulier-1024x724.jpg\" alt=\"\" class=\"wp-image-3573\" srcset=\"https:\/\/chemin-exploitation-et-randonnee-montbazin.com\/wp-content\/uploads\/2023\/11\/Montbazin-un-village-bien-singulier-1024x724.jpg 1024w, https:\/\/chemin-exploitation-et-randonnee-montbazin.com\/wp-content\/uploads\/2023\/11\/Montbazin-un-village-bien-singulier-300x212.jpg 300w, https:\/\/chemin-exploitation-et-randonnee-montbazin.com\/wp-content\/uploads\/2023\/11\/Montbazin-un-village-bien-singulier-768x543.jpg 768w, https:\/\/chemin-exploitation-et-randonnee-montbazin.com\/wp-content\/uploads\/2023\/11\/Montbazin-un-village-bien-singulier.jpg 1283w\" sizes=\"(max-width: 1024px) 100vw, 1024px\" \/><\/a><figcaption>Source DDTM Service eau et risques <\/figcaption><\/figure>\n\n\n\n<h2 class=\"alignwide has-text-align-center\">Dans un autre style et chemin faisant ci-dessous le magnifique et \u00e9norme gouffre de la Vise, c&rsquo;est l\u00e0 que nous avons des inversacs.<\/h2>\n\n\n\n<figure class=\"wp-block-image alignwide size-large\"><a href=\"https:\/\/www.google.de\/maps\/place\/gouffre+de+la+Vise\/@43.4436347,3.6719541,380m\/data=!3m1!1e3!4m16!1m7!3m6!1s0x12b14b2e2426ec5b:0xd125aa73a67c6789!2sgouffre+de+la+Vise!8m2!3d43.4435144!4d3.6717349!16s%2Fg%2F11kr1h0f_v!3m7!1s0x12b14b2e2426ec5b:0xd125aa73a67c6789!8m2!3d43.4435144!4d3.6717349!9m1!1b1!16s%2Fg%2F11kr1h0f_v?entry=ttu\"><img loading=\"lazy\" width=\"1024\" height=\"497\" src=\"https:\/\/chemin-exploitation-et-randonnee-montbazin.com\/wp-content\/uploads\/2023\/11\/Gouffre-de-la-vise-1024x497.jpg\" alt=\"\" class=\"wp-image-3574\" srcset=\"https:\/\/chemin-exploitation-et-randonnee-montbazin.com\/wp-content\/uploads\/2023\/11\/Gouffre-de-la-vise-1024x497.jpg 1024w, https:\/\/chemin-exploitation-et-randonnee-montbazin.com\/wp-content\/uploads\/2023\/11\/Gouffre-de-la-vise-300x146.jpg 300w, https:\/\/chemin-exploitation-et-randonnee-montbazin.com\/wp-content\/uploads\/2023\/11\/Gouffre-de-la-vise-768x373.jpg 768w, https:\/\/chemin-exploitation-et-randonnee-montbazin.com\/wp-content\/uploads\/2023\/11\/Gouffre-de-la-vise-1536x746.jpg 1536w, https:\/\/chemin-exploitation-et-randonnee-montbazin.com\/wp-content\/uploads\/2023\/11\/Gouffre-de-la-vise.jpg 1826w\" sizes=\"(max-width: 1024px) 100vw, 1024px\" \/><\/a><figcaption>Source Google maps<\/figcaption><\/figure>\n\n\n\n\n\n<h2 class=\"has-text-align-center\">Si on pouvait \u00e9viter de d\u00e9cevoir dieu cela serait cool !<\/h2>\n\n\n\n<h1 style=\"text-align: center;\"><strong>Les pluies ne pourraient-elles pas \u00eatre diluviennes apr\u00e8s la s\u00e9cheresse ?<br><\/strong><\/h1>\n\n\n\n<h1 class=\"alignwide has-text-align-center\">Mais que nous raconte la Sainte Bible ?<\/h1>\n\n\n\n<div class=\"wp-block-kadence-icon kt-svg-icons kt-svg-icons_006a25-14 alignnone\" style=\"text-align:center\"><div class=\"kt-svg-style-default kt-svg-icon-wrap kt-svg-item-0\"><div style=\"display:inline-flex;justify-content:center;align-items:center;color:#e05b14\" class=\"kt-svg-icon kt-svg-icon-ic_heart\"><svg style=\"display:inline-block;vertical-align:middle\" viewbox=\"0 0 8 8\" height=\"50\" width=\"50\" fill=\"currentColor\" xmlns=\"http:\/\/www.w3.org\/2000\/svg\" aria-hidden=\"true\"><path d=\"M2 0c-.55 0-1.04.23-1.41.59-.36.36-.59.85-.59 1.41 0 .55.23 1.04.59 1.41l3.41 3.41 3.41-3.41c.36-.36.59-.85.59-1.41 0-.55-.23-1.04-.59-1.41-.36-.36-.85-.59-1.41-.59-.55 0-1.04.23-1.41.59-.36.36-.59.85-.59 1.41 0-.55-.23-1.04-.59-1.41-.36-.36-.85-.59-1.41-.59z\" transform=\"translate(0 1)\"><\/path><\/svg><\/div><\/div><\/div>\n\n\n\n<p style=\"text-align: center;\">By : Christophe et avec le concours de Gilles (anciens camarades de la Trinit\u00e9, go\u00fbt de justice et soif de d\u00e9luges mais apr\u00e8s nous ! Par piti\u00e9 ?)<\/p>\n\n\n\n<div style=\"height:93px\" aria-hidden=\"true\" class=\"wp-block-spacer\"><\/div>\n\n\n\n<hr class=\"wp-block-separator has-text-color has-background has-virtue-primary-background-color has-virtue-primary-color\"\/>\n\n\n\n<div class=\"wp-block-kadence-icon kt-svg-icons kt-svg-icons_3c2e1f-e2 alignnone\" style=\"text-align:center\"><div class=\"kt-svg-style-default kt-svg-icon-wrap kt-svg-item-0\"><div style=\"display:inline-flex;justify-content:center;align-items:center;color:#e05b14\" class=\"kt-svg-icon kt-svg-icon-fas_exclamation-triangle\"><svg style=\"display:inline-block;vertical-align:middle\" viewbox=\"0 0 576 512\" height=\"50\" width=\"50\" fill=\"currentColor\" xmlns=\"http:\/\/www.w3.org\/2000\/svg\" aria-hidden=\"true\"><path d=\"M569.517 440.013C587.975 472.007 564.806 512 527.94 512H48.054c-36.937 0-59.999-40.055-41.577-71.987L246.423 23.985c18.467-32.009 64.72-31.951 83.154 0l239.94 416.028zM288 354c-25.405 0-46 20.595-46 46s20.595 46 46 46 46-20.595 46-46-20.595-46-46-46zm-43.673-165.346l7.418 136c.347 6.364 5.609 11.346 11.982 11.346h48.546c6.373 0 11.635-4.982 11.982-11.346l7.418-136c.375-6.874-5.098-12.654-11.982-12.654h-63.383c-6.884 0-12.356 5.78-11.981 12.654z\"><\/path><\/svg><\/div><\/div><\/div>\n\n\n\n<h1 class=\"has-text-align-center\">Pour les ath\u00e9es, les agnostiques, les d\u00e9sincarn\u00e9s, les cupides &#8230; ne pas oublier que \u201c<em>Science sans conscience n&rsquo;est que ruine de l&rsquo;\u00e2me<\/em>\u201d <\/h1>\n\n\n\n<h1 class=\"has-text-align-center\">Est-il vrai que l&rsquo;argent mal acquis ne profite jamais ? <\/h1>\n\n\n\n<h1 class=\"has-text-align-center\">et surtout \u201cqu&rsquo;il n\u2019y a pas loin du Capitole \u00e0 la roche tarp\u00e9ienne\u201d  <\/h1>\n\n\n\n<hr class=\"wp-block-separator\"\/>\n\n\n","protected":false},"excerpt":{"rendered":"<p>vite s&rsquo;il vous pla\u00eet &#8230; et dans le droit chemin pluvial et d&rsquo;exploitation f\u00fbt-il des Piochs ? Peut-on jouer avec des lois universelles ? Sommes-nous au bout du chemin via les diff\u00e9rentes lois universelles ? &#8230; des hommes ? Technique &hellip; <a href=\"https:\/\/chemin-exploitation-et-randonnee-montbazin.com\/index.php\/tous-ensemble\/\">Lire la suite\u00ad\u00ad<\/a><\/p>\n","protected":false},"author":1,"featured_media":0,"parent":0,"menu_order":0,"comment_status":"closed","ping_status":"closed","template":"","meta":{"kt_blocks_editor_width":""},"_links":{"self":[{"href":"https:\/\/chemin-exploitation-et-randonnee-montbazin.com\/index.php\/wp-json\/wp\/v2\/pages\/3571"}],"collection":[{"href":"https:\/\/chemin-exploitation-et-randonnee-montbazin.com\/index.php\/wp-json\/wp\/v2\/pages"}],"about":[{"href":"https:\/\/chemin-exploitation-et-randonnee-montbazin.com\/index.php\/wp-json\/wp\/v2\/types\/page"}],"author":[{"embeddable":true,"href":"https:\/\/chemin-exploitation-et-randonnee-montbazin.com\/index.php\/wp-json\/wp\/v2\/users\/1"}],"replies":[{"embeddable":true,"href":"https:\/\/chemin-exploitation-et-randonnee-montbazin.com\/index.php\/wp-json\/wp\/v2\/comments?post=3571"}],"version-history":[{"count":49,"href":"https:\/\/chemin-exploitation-et-randonnee-montbazin.com\/index.php\/wp-json\/wp\/v2\/pages\/3571\/revisions"}],"predecessor-version":[{"id":3653,"href":"https:\/\/chemin-exploitation-et-randonnee-montbazin.com\/index.php\/wp-json\/wp\/v2\/pages\/3571\/revisions\/3653"}],"wp:attachment":[{"href":"https:\/\/chemin-exploitation-et-randonnee-montbazin.com\/index.php\/wp-json\/wp\/v2\/media?parent=3571"}],"curies":[{"name":"wp","href":"https:\/\/api.w.org\/{rel}","templated":true}]}}