{"id":3715,"date":"2024-07-20T13:15:25","date_gmt":"2024-07-20T11:15:25","guid":{"rendered":"https:\/\/chemin-exploitation-et-randonnee-montbazin.com\/?page_id=3715"},"modified":"2024-10-22T10:37:21","modified_gmt":"2024-10-22T08:37:21","slug":"invitation-ceremonie-du-souvenir","status":"publish","type":"page","link":"https:\/\/chemin-exploitation-et-randonnee-montbazin.com\/index.php\/invitation-ceremonie-du-souvenir\/","title":{"rendered":"Le chemin de Croix d&rsquo;Andr\u00e9 Trouche"},"content":{"rendered":"\n<figure class=\"wp-block-embed is-type-video is-provider-youtube wp-block-embed-youtube wp-embed-aspect-16-9 wp-has-aspect-ratio\"><div class=\"wp-block-embed__wrapper\">\n<iframe loading=\"lazy\" title=\"V 23   Le chemin de croix d&#039;Andr\u00e9 TROUCHE\" width=\"1140\" height=\"641\" src=\"https:\/\/www.youtube.com\/embed\/a5pyG4YCjMw?feature=oembed\" frameborder=\"0\" allow=\"accelerometer; autoplay; clipboard-write; encrypted-media; gyroscope; picture-in-picture; web-share\" referrerpolicy=\"strict-origin-when-cross-origin\" allowfullscreen><\/iframe>\n<\/div><\/figure>\n\n\n\n<h2 class=\"has-text-align-center\"><strong>Ci-dessous en amont de la vid\u00e9o, l&rsquo;invitation<\/strong> !<\/h2>\n\n\n\n<p class=\"has-text-align-center has-large-font-size\"><strong>A<\/strong> <strong>RETENIR, INVITATION<\/strong><\/p>\n\n\n\n<p class=\"has-text-align-center has-medium-font-size\">\u00e0 une C\u00e9r\u00e9monie du Souvenir<\/p>\n\n\n\n<p class=\"has-text-align-center has-large-font-size\"><strong>Le vendredi 26 juillet \u00e0 16h<\/strong><\/p>\n\n\n\n<p class=\"has-text-align-center\">chez Monsieur Elie TROUCHE, AD 46, par le Cami d\u2019Anton\u00e8gre<\/p>\n\n\n\n<p class=\"has-text-align-center\">Pour honorer la m\u00e9moire d\u2019<strong>Andr\u00e9 TROUCHE<\/strong>, tomb\u00e9 sur le chemin des Piochs, tous les Montbazinois, anciens et nouveaux, sont invit\u00e9s \u00e0 une C\u00e9r\u00e9monie du souvenir avec pose de croix comm\u00e9morative.<\/p>\n\n\n\n<p class=\"has-text-align-center\">Son fils et ses petits enfants rendront hommage \u00e0 l\u2019homme qu\u2019il fut \u00e0 titre personnel, sa pi\u00e9t\u00e9 fid\u00e8le sur le chemin de St Julien d\u2019Anton\u00e8gre, et \u00e0 la droiture de ses actions au service de la Commune et du bien commun.<\/p>\n\n\n\n<p class=\"has-text-align-center\">Un verre de l\u2019amiti\u00e9 prolongera cette c\u00e9r\u00e9monie.<\/p>\n\n\n\n<p class=\"has-text-align-center\">Venez nombreux pour accompagner cette d\u00e9marche m\u00e9morielle honorant les Hommes de Montbazin, dans la s\u00e9r\u00e9nit\u00e9 et le calme. Tenue correcte exig\u00e9e.<\/p>\n\n\n\n<p class=\"has-text-align-center\">Tout acte de violence physique ou psychique sera consid\u00e9r\u00e9 comme inappropri\u00e9<\/p>\n\n\n\n<div class=\"wp-block-image\"><figure class=\"aligncenter size-large\"><img loading=\"lazy\" width=\"724\" height=\"1024\" src=\"https:\/\/chemin-exploitation-et-randonnee-montbazin.com\/wp-content\/uploads\/2024\/07\/2024.07.26-Journee-calvaire-QR-code-direct-VF-724x1024.jpg\" alt=\"\" class=\"wp-image-3716\" srcset=\"https:\/\/chemin-exploitation-et-randonnee-montbazin.com\/wp-content\/uploads\/2024\/07\/2024.07.26-Journee-calvaire-QR-code-direct-VF-724x1024.jpg 724w, https:\/\/chemin-exploitation-et-randonnee-montbazin.com\/wp-content\/uploads\/2024\/07\/2024.07.26-Journee-calvaire-QR-code-direct-VF-212x300.jpg 212w, https:\/\/chemin-exploitation-et-randonnee-montbazin.com\/wp-content\/uploads\/2024\/07\/2024.07.26-Journee-calvaire-QR-code-direct-VF-768x1086.jpg 768w, https:\/\/chemin-exploitation-et-randonnee-montbazin.com\/wp-content\/uploads\/2024\/07\/2024.07.26-Journee-calvaire-QR-code-direct-VF-1086x1536.jpg 1086w, https:\/\/chemin-exploitation-et-randonnee-montbazin.com\/wp-content\/uploads\/2024\/07\/2024.07.26-Journee-calvaire-QR-code-direct-VF-1448x2048.jpg 1448w, https:\/\/chemin-exploitation-et-randonnee-montbazin.com\/wp-content\/uploads\/2024\/07\/2024.07.26-Journee-calvaire-QR-code-direct-VF.jpg 1587w\" sizes=\"(max-width: 724px) 100vw, 724px\" \/><\/figure><\/div>\n\n\n\n<center><iframe src=\"https:\/\/www.google.com\/maps\/embed?pb=!1m14!1m12!1m3!1d215.2096588920637!2d3.691285611672565!3d43.516478033336675!2m3!1f0!2f0!3f0!3m2!1i1024!2i768!4f13.1!5e1!3m2!1sfr!2snl!4v1683695685726!5m2!1sfr!2snl\" style=\"border:0;\" allowfullscreen=\"\" loading=\"lazy\" referrerpolicy=\"no-referrer-when-downgrade\" width=\"600\" height=\"450\"><\/iframe><\/center>\n","protected":false},"excerpt":{"rendered":"<p>Ci-dessous en amont de la vid\u00e9o, l&rsquo;invitation ! A RETENIR, INVITATION \u00e0 une C\u00e9r\u00e9monie du Souvenir Le vendredi 26 juillet \u00e0 16h chez Monsieur Elie TROUCHE, AD 46, par le Cami d\u2019Anton\u00e8gre Pour honorer la m\u00e9moire d\u2019Andr\u00e9 TROUCHE, tomb\u00e9 sur &hellip; <a href=\"https:\/\/chemin-exploitation-et-randonnee-montbazin.com\/index.php\/invitation-ceremonie-du-souvenir\/\">Lire la suite\u00ad\u00ad<\/a><\/p>\n","protected":false},"author":1,"featured_media":0,"parent":0,"menu_order":0,"comment_status":"closed","ping_status":"closed","template":"page-fullwidth.php","meta":{"kt_blocks_editor_width":""},"_links":{"self":[{"href":"https:\/\/chemin-exploitation-et-randonnee-montbazin.com\/index.php\/wp-json\/wp\/v2\/pages\/3715"}],"collection":[{"href":"https:\/\/chemin-exploitation-et-randonnee-montbazin.com\/index.php\/wp-json\/wp\/v2\/pages"}],"about":[{"href":"https:\/\/chemin-exploitation-et-randonnee-montbazin.com\/index.php\/wp-json\/wp\/v2\/types\/page"}],"author":[{"embeddable":true,"href":"https:\/\/chemin-exploitation-et-randonnee-montbazin.com\/index.php\/wp-json\/wp\/v2\/users\/1"}],"replies":[{"embeddable":true,"href":"https:\/\/chemin-exploitation-et-randonnee-montbazin.com\/index.php\/wp-json\/wp\/v2\/comments?post=3715"}],"version-history":[{"count":3,"href":"https:\/\/chemin-exploitation-et-randonnee-montbazin.com\/index.php\/wp-json\/wp\/v2\/pages\/3715\/revisions"}],"predecessor-version":[{"id":3753,"href":"https:\/\/chemin-exploitation-et-randonnee-montbazin.com\/index.php\/wp-json\/wp\/v2\/pages\/3715\/revisions\/3753"}],"wp:attachment":[{"href":"https:\/\/chemin-exploitation-et-randonnee-montbazin.com\/index.php\/wp-json\/wp\/v2\/media?parent=3715"}],"curies":[{"name":"wp","href":"https:\/\/api.w.org\/{rel}","templated":true}]}}