{"id":531,"date":"2019-11-26T10:32:43","date_gmt":"2019-11-26T09:32:43","guid":{"rendered":"https:\/\/chemin-exploitation-et-randonnee-montbazin.com\/?page_id=531"},"modified":"2023-05-03T08:49:04","modified_gmt":"2023-05-03T06:49:04","slug":"inondations-la-vene-a-montbazin","status":"publish","type":"page","link":"https:\/\/chemin-exploitation-et-randonnee-montbazin.com\/index.php\/inondations-la-vene-a-montbazin\/","title":{"rendered":"Pluies &#038; Inondations"},"content":{"rendered":"\n<h2 class=\"has-text-align-center\">Inondations \u00e0 Montbazin, la \u00ab\u00a0V\u00e8ne\u00a0\u00bb r\u00e9ellement ?<\/h2>\n\n\n\n<p class=\"has-text-align-center\"><strong>Voici des vid\u00e9os explicatives pour mieux comprendre les inondations.<\/strong><\/p>\n\n\n\n<figure class=\"wp-block-embed is-type-video is-provider-youtube wp-block-embed-youtube wp-embed-aspect-16-9 wp-has-aspect-ratio\"><div class=\"wp-block-embed__wrapper\">\n<iframe loading=\"lazy\" title=\"Notions \u00e9l\u00e9mentaires d&#039;hydrog\u00e9ologie et d&#039;hydrologie - Partie 3a: eaux de surface - bassin versant\" width=\"1140\" height=\"641\" src=\"https:\/\/www.youtube.com\/embed\/qZcxl05C6Vc?feature=oembed\" frameborder=\"0\" allow=\"accelerometer; autoplay; clipboard-write; encrypted-media; gyroscope; picture-in-picture; web-share\" allowfullscreen><\/iframe>\n<\/div><\/figure>\n\n\n\n<figure class=\"wp-block-embed is-type-video is-provider-youtube wp-block-embed-youtube wp-embed-aspect-4-3 wp-has-aspect-ratio\"><div class=\"wp-block-embed__wrapper\">\n<iframe loading=\"lazy\" title=\"le d\u00e9bit du cours d&#039;eau et sa r\u00e9ponse \u00e0 la pluie\" width=\"1140\" height=\"855\" src=\"https:\/\/www.youtube.com\/embed\/7Z5GujfKrto?feature=oembed\" frameborder=\"0\" allow=\"accelerometer; autoplay; clipboard-write; encrypted-media; gyroscope; picture-in-picture; web-share\" allowfullscreen><\/iframe>\n<\/div><\/figure>\n\n\n<style id=\"kt-blocks_3b1d58-e6\">#kt-info-box_3b1d58-e6 .kt-blocks-info-box-link-wrap:hover{border-color:#eeeeee;background:#f2f2f2;}#kt-info-box_3b1d58-e6 .kt-info-svg-icon, #kt-info-box_3b1d58-e6 .kt-info-svg-icon-flip, #kt-info-box_3b1d58-e6 .kt-blocks-info-box-number{font-size:106px;}#kt-info-box_3b1d58-e6 .kt-blocks-info-box-media{color:#444444;}#kt-info-box_3b1d58-e6 .kt-blocks-info-box-link-wrap:hover .kt-blocks-info-box-media{color:#444444;}<\/style>\n<div id=\"kt-info-box_3b1d58-e6\" class=\"wp-block-kadence-infobox\"><a class=\"kt-blocks-info-box-link-wrap info-box-link kt-blocks-info-box-media-align-top kt-info-halign-center\"><div class=\"kt-blocks-info-box-media-container\"><div class=\"kt-blocks-info-box-media kt-info-media-animate-none\"><div class=\"kadence-info-box-icon-container kt-info-icon-animate-none\"><div class=\"kadence-info-box-icon-inner-container\"><span style=\"display:block;justify-content:center;align-items:center\" class=\"kt-info-svg-icon kt-info-svg-icon-fe_cloudLightning\"><svg style=\"display:inline-block;vertical-align:middle\" viewbox=\"0 0 24 24\" height=\"106\" width=\"106\" fill=\"none\" stroke=\"currentColor\" xmlns=\"http:\/\/www.w3.org\/2000\/svg\" stroke-width=\"2\" stroke-linecap=\"round\" stroke-linejoin=\"round\" aria-hidden=\"true\"><path d=\"M19 16.9A5 5 0 0 0 18 7h-1.26a8 8 0 1 0-11.62 9\"><\/path><polyline points=\"13 11 9 17 15 17 11 23\"><\/polyline><\/svg><\/span><\/div><\/div><\/div><\/div><div class=\"kt-infobox-textcontent\"><h2 class=\"kt-blocks-info-box-title\">Les inondations Montbazinoises rep\u00e9r\u00e9es.<\/h2><p class=\"kt-blocks-info-box-text\"><\/p><\/div><\/a><\/div>\n\n\n\n<div class=\"wp-container-2 wp-block-group\"><div class=\"wp-block-group__inner-container\">\n<div class=\"wp-container-1 wp-block-group\"><div class=\"wp-block-group__inner-container\"><\/div><\/div>\n\n\n<\/div><\/div>\n\n\n\n<div class=\"wp-container-3 wp-block-group\"><div class=\"wp-block-group__inner-container\"><\/div><\/div>\n\n\n\n<iframe loading=\"lazy\" src=\"https:\/\/www.google.com\/maps\/embed?pb=!4v1588663862852!6m8!1m7!1srniPwxcJO9vFY62RNqz9vg!2m2!1d43.5155345482132!2d3.692602425855737!3f31.108952697852143!4f-0.14490769316873298!5f0.7820865974627469\" style=\"border:0;\" allowfullscreen=\"\" aria-hidden=\"false\" tabindex=\"0\" width=\"847\" height=\"450\" frameborder=\"0\"><\/iframe>\n\n\n\n<p><em><strong>Ci-dessus une carte Google Maps interactive pour localiser la vieille porte de Montbazin<\/strong><\/em><\/p>\n\n\n\n<div class=\"wp-block-kadence-icon kt-svg-icons kt-svg-icons_81a55a-1b aligncenter\" style=\"text-align:center\"><div class=\"kt-svg-style-default kt-svg-icon-wrap kt-svg-item-0\"><div style=\"display:inline-flex;justify-content:center;align-items:center;color:#d01e40\" class=\"kt-svg-icon kt-svg-icon-fe_arrowDown\"><svg style=\"display:inline-block;vertical-align:middle\" viewbox=\"0 0 24 24\" height=\"50\" width=\"50\" fill=\"none\" stroke=\"currentColor\" xmlns=\"http:\/\/www.w3.org\/2000\/svg\" stroke-width=\"2\" stroke-linecap=\"round\" stroke-linejoin=\"round\" aria-hidden=\"true\"><line x1=\"12\" y1=\"5\" x2=\"12\" y2=\"19\"><\/line><polyline points=\"19 12 12 19 5 12\"><\/polyline><\/svg><\/div><\/div><\/div>\n\n\n\n<div class=\"wp-block-cover is-light\"><span aria-hidden=\"true\" class=\"wp-block-cover__gradient-background has-background-dim\"><\/span><img loading=\"lazy\" width=\"2560\" height=\"1440\" class=\"wp-block-cover__image-background wp-image-536\" alt=\"\" src=\"https:\/\/chemin-exploitation-et-randonnee-montbazin.com\/wp-content\/uploads\/2019\/11\/rue-du-portail-\u00e0-Montbazin-scaled.jpg\" data-object-fit=\"cover\" srcset=\"https:\/\/chemin-exploitation-et-randonnee-montbazin.com\/wp-content\/uploads\/2019\/11\/rue-du-portail-\u00e0-Montbazin-scaled.jpg 2560w, https:\/\/chemin-exploitation-et-randonnee-montbazin.com\/wp-content\/uploads\/2019\/11\/rue-du-portail-\u00e0-Montbazin-300x169.jpg 300w, https:\/\/chemin-exploitation-et-randonnee-montbazin.com\/wp-content\/uploads\/2019\/11\/rue-du-portail-\u00e0-Montbazin-1024x576.jpg 1024w, https:\/\/chemin-exploitation-et-randonnee-montbazin.com\/wp-content\/uploads\/2019\/11\/rue-du-portail-\u00e0-Montbazin-768x432.jpg 768w, https:\/\/chemin-exploitation-et-randonnee-montbazin.com\/wp-content\/uploads\/2019\/11\/rue-du-portail-\u00e0-Montbazin-1536x864.jpg 1536w, https:\/\/chemin-exploitation-et-randonnee-montbazin.com\/wp-content\/uploads\/2019\/11\/rue-du-portail-\u00e0-Montbazin-2048x1152.jpg 2048w\" sizes=\"(max-width: 2560px) 100vw, 2560px\" \/><div class=\"wp-block-cover__inner-container\">\n<p class=\"has-text-align-center has-large-font-size\">Rue du portail \u00e0 Montbazin sur le mur \u00e0 votre main gauche.<\/p>\n<\/div><\/div>\n\n\n\n<p><strong>Vous noterez qu&rsquo;en 1955 le niveau atteint par la V\u00e8ne \u00e9tait s\u00e9rieux<\/strong>  (voir photo ci-dessous &gt; marquage en haut \u00e0 gauche \u00e0 c\u00f4t\u00e9 du gond de la porte). <\/p>\n\n\n\n<p>Nous sommes en 1955 et l&rsquo;imperm\u00e9abilisation des sols \u00e9tait faible avec moins de constructions, de routes&#8230;<\/p>\n\n\n\n<div class=\"wp-block-kadence-icon kt-svg-icons kt-svg-icons_7a3157-01 aligncenter\" style=\"text-align:left\"><div class=\"kt-svg-style-default kt-svg-icon-wrap kt-svg-item-0\"><div style=\"display:inline-flex;justify-content:center;align-items:center;color:#d01e40\" class=\"kt-svg-icon kt-svg-icon-fe_arrowDown\"><svg style=\"display:inline-block;vertical-align:middle\" viewbox=\"0 0 24 24\" height=\"50\" width=\"50\" fill=\"none\" stroke=\"currentColor\" xmlns=\"http:\/\/www.w3.org\/2000\/svg\" stroke-width=\"2\" stroke-linecap=\"round\" stroke-linejoin=\"round\" aria-hidden=\"true\"><line x1=\"12\" y1=\"5\" x2=\"12\" y2=\"19\"><\/line><polyline points=\"19 12 12 19 5 12\"><\/polyline><\/svg><\/div><\/div><\/div>\n\n\n\n<figure class=\"wp-block-image alignwide size-full is-style-default\"><img loading=\"lazy\" width=\"2560\" height=\"1440\" src=\"https:\/\/chemin-exploitation-et-randonnee-montbazin.com\/wp-content\/uploads\/2019\/11\/inondations-montbazin-1955-scaled.jpg\" alt=\"\" class=\"wp-image-543\" srcset=\"https:\/\/chemin-exploitation-et-randonnee-montbazin.com\/wp-content\/uploads\/2019\/11\/inondations-montbazin-1955-scaled.jpg 2560w, https:\/\/chemin-exploitation-et-randonnee-montbazin.com\/wp-content\/uploads\/2019\/11\/inondations-montbazin-1955-300x169.jpg 300w, https:\/\/chemin-exploitation-et-randonnee-montbazin.com\/wp-content\/uploads\/2019\/11\/inondations-montbazin-1955-1024x576.jpg 1024w, https:\/\/chemin-exploitation-et-randonnee-montbazin.com\/wp-content\/uploads\/2019\/11\/inondations-montbazin-1955-768x432.jpg 768w, https:\/\/chemin-exploitation-et-randonnee-montbazin.com\/wp-content\/uploads\/2019\/11\/inondations-montbazin-1955-1536x864.jpg 1536w, https:\/\/chemin-exploitation-et-randonnee-montbazin.com\/wp-content\/uploads\/2019\/11\/inondations-montbazin-1955-2048x1152.jpg 2048w\" sizes=\"(max-width: 2560px) 100vw, 2560px\" \/><figcaption>Vous trouverez sur le site <a href=\"http:\/\/www.memoiredemontbazin.fr\/des-lieux\/catastrophes-naturelles\/inondations\/\">www.memoiredemontbazin.fr<\/a>&nbsp; d&rsquo;autres \u00e9l\u00e9ments, photos&#8230;<\/figcaption><\/figure>\n\n\n\n<h3>Le cocktail du \u00ab\u00a0bonheur\u00a0\u00bb entre les hommes est-il \u00e0 venir notamment gr\u00e2ce \u00e0 l&rsquo;imperm\u00e9abilisation des sols et au changement climatique ?<\/h3>\n\n\n\n<div class=\"wp-block-kadence-icon kt-svg-icons kt-svg-icons_06390b-f3 aligncenter\" style=\"text-align:center\"><div class=\"kt-svg-style-default kt-svg-icon-wrap kt-svg-item-0\"><div style=\"display:inline-flex;justify-content:center;align-items:center;color:#d01e40\" class=\"kt-svg-icon kt-svg-icon-fe_arrowDown\"><svg style=\"display:inline-block;vertical-align:middle\" viewbox=\"0 0 24 24\" height=\"50\" width=\"50\" fill=\"none\" stroke=\"currentColor\" xmlns=\"http:\/\/www.w3.org\/2000\/svg\" stroke-width=\"2\" stroke-linecap=\"round\" stroke-linejoin=\"round\" aria-hidden=\"true\"><line x1=\"12\" y1=\"5\" x2=\"12\" y2=\"19\"><\/line><polyline points=\"19 12 12 19 5 12\"><\/polyline><\/svg><\/div><\/div><\/div>\n\n\n\n<h2 class=\"has-text-align-center\">Des solutions existent&#8230; mais elles se font en amont !<\/h2>\n\n\n\n<p class=\"has-text-align-center\"><a href=\"https:\/\/www.youtube.com\/watch?v=he7XkRF_MbE\" target=\"_blank\" rel=\"noreferrer noopener\"><strong>https:\/\/www.youtube.com\/watch?v=he7XkRF_MbE<\/strong><\/a><\/p>\n\n\n\n<h1 class=\"has-text-align-center\"><em><strong>Demain sera ce que nous en ferons<\/strong> ensemble<\/em> !<\/h1>\n","protected":false},"excerpt":{"rendered":"<p>Inondations \u00e0 Montbazin, la \u00ab\u00a0V\u00e8ne\u00a0\u00bb r\u00e9ellement ? Voici des vid\u00e9os explicatives pour mieux comprendre les inondations. Ci-dessus une carte Google Maps interactive pour localiser la vieille porte de Montbazin Vous noterez qu&rsquo;en 1955 le niveau atteint par la V\u00e8ne \u00e9tait &hellip; <a href=\"https:\/\/chemin-exploitation-et-randonnee-montbazin.com\/index.php\/inondations-la-vene-a-montbazin\/\">Lire la suite\u00ad\u00ad<\/a><\/p>\n","protected":false},"author":1,"featured_media":0,"parent":0,"menu_order":0,"comment_status":"closed","ping_status":"closed","template":"","meta":{"kt_blocks_editor_width":""},"_links":{"self":[{"href":"https:\/\/chemin-exploitation-et-randonnee-montbazin.com\/index.php\/wp-json\/wp\/v2\/pages\/531"}],"collection":[{"href":"https:\/\/chemin-exploitation-et-randonnee-montbazin.com\/index.php\/wp-json\/wp\/v2\/pages"}],"about":[{"href":"https:\/\/chemin-exploitation-et-randonnee-montbazin.com\/index.php\/wp-json\/wp\/v2\/types\/page"}],"author":[{"embeddable":true,"href":"https:\/\/chemin-exploitation-et-randonnee-montbazin.com\/index.php\/wp-json\/wp\/v2\/users\/1"}],"replies":[{"embeddable":true,"href":"https:\/\/chemin-exploitation-et-randonnee-montbazin.com\/index.php\/wp-json\/wp\/v2\/comments?post=531"}],"version-history":[{"count":59,"href":"https:\/\/chemin-exploitation-et-randonnee-montbazin.com\/index.php\/wp-json\/wp\/v2\/pages\/531\/revisions"}],"predecessor-version":[{"id":3532,"href":"https:\/\/chemin-exploitation-et-randonnee-montbazin.com\/index.php\/wp-json\/wp\/v2\/pages\/531\/revisions\/3532"}],"wp:attachment":[{"href":"https:\/\/chemin-exploitation-et-randonnee-montbazin.com\/index.php\/wp-json\/wp\/v2\/media?parent=531"}],"curies":[{"name":"wp","href":"https:\/\/api.w.org\/{rel}","templated":true}]}}